{"id":450,"date":"2025-04-30T11:15:51","date_gmt":"2025-04-30T15:15:51","guid":{"rendered":"https:\/\/dgfissure.ca\/?page_id=450"},"modified":"2025-05-14T13:33:28","modified_gmt":"2025-05-14T17:33:28","slug":"foundation-waterproofing-elastomeric-membranes","status":"publish","type":"page","link":"https:\/\/dgfissure.ca\/en\/our-services\/foundation-repair-and-water-infiltration\/foundation-waterproofing-elastomeric-membranes\/","title":{"rendered":"Foundation Waterproofing (Elastomeric Membranes)"},"content":{"rendered":"","protected":false},"excerpt":{"rendered":"","protected":false},"author":1,"featured_media":0,"parent":446,"menu_order":8,"comment_status":"closed","ping_status":"closed","template":"","meta":{"_acf_changed":false,"footnotes":""},"class_list":["post-450","page","type-page","status-publish","hentry","entry"],"acf":[],"yoast_head":"<!-- This site is optimized with the Yoast SEO plugin v25.1 - https:\/\/yoast.com\/wordpress\/plugins\/seo\/ -->\n<title>Foundation Waterproofing with Elastomeric Membranes<\/title>\n<meta name=\"description\" content=\"Protect your foundation from water infiltration with elastomeric membrane waterproofing by Installations Daniel Gagn\u00e9. Serving Gatineau, Hull, Aylmer, Chelsea, Wakefield, and Val-des-Monts.\" \/>\n<meta name=\"robots\" content=\"index, follow, max-snippet:-1, max-image-preview:large, max-video-preview:-1\" \/>\n<link rel=\"canonical\" href=\"https:\/\/dgfissure.ca\/en\/our-services\/foundation-repair-and-water-infiltration\/foundation-waterproofing-elastomeric-membranes\/\" \/>\n<meta property=\"og:locale\" content=\"en_US\" \/>\n<meta property=\"og:type\" content=\"article\" \/>\n<meta property=\"og:title\" content=\"Foundation Waterproofing with Elastomeric Membranes\" \/>\n<meta property=\"og:description\" content=\"Protect your foundation from water infiltration with elastomeric membrane waterproofing by Installations Daniel Gagn\u00e9. Serving Gatineau, Hull, Aylmer, Chelsea, Wakefield, and Val-des-Monts.\" \/>\n<meta property=\"og:url\" content=\"https:\/\/dgfissure.ca\/en\/our-services\/foundation-repair-and-water-infiltration\/foundation-waterproofing-elastomeric-membranes\/\" \/>\n<meta property=\"og:site_name\" content=\"R\u00e9paration Fondation Gatineau - Les Installations Daniel Gagn\u00e9\" \/>\n<meta property=\"article:modified_time\" content=\"2025-05-14T17:33:28+00:00\" \/>\n<meta name=\"twitter:card\" content=\"summary_large_image\" \/>\n<script type=\"application\/ld+json\" class=\"yoast-schema-graph\">{\"@context\":\"https:\/\/schema.org\",\"@graph\":[{\"@type\":\"WebPage\",\"@id\":\"https:\/\/dgfissure.ca\/en\/our-services\/foundation-repair-and-water-infiltration\/foundation-waterproofing-elastomeric-membranes\/\",\"url\":\"https:\/\/dgfissure.ca\/en\/our-services\/foundation-repair-and-water-infiltration\/foundation-waterproofing-elastomeric-membranes\/\",\"name\":\"Foundation Waterproofing with Elastomeric Membranes\",\"isPartOf\":{\"@id\":\"https:\/\/dgfissure.ca\/#website\"},\"datePublished\":\"2025-04-30T15:15:51+00:00\",\"dateModified\":\"2025-05-14T17:33:28+00:00\",\"description\":\"Protect your foundation from water infiltration with elastomeric membrane waterproofing by Installations Daniel Gagn\u00e9. Serving Gatineau, Hull, Aylmer, Chelsea, Wakefield, and Val-des-Monts.\",\"breadcrumb\":{\"@id\":\"https:\/\/dgfissure.ca\/en\/our-services\/foundation-repair-and-water-infiltration\/foundation-waterproofing-elastomeric-membranes\/#breadcrumb\"},\"inLanguage\":\"en-US\",\"potentialAction\":[{\"@type\":\"ReadAction\",\"target\":[\"https:\/\/dgfissure.ca\/en\/our-services\/foundation-repair-and-water-infiltration\/foundation-waterproofing-elastomeric-membranes\/\"]}]},{\"@type\":\"BreadcrumbList\",\"@id\":\"https:\/\/dgfissure.ca\/en\/our-services\/foundation-repair-and-water-infiltration\/foundation-waterproofing-elastomeric-membranes\/#breadcrumb\",\"itemListElement\":[{\"@type\":\"ListItem\",\"position\":1,\"name\":\"Accueil\",\"item\":\"https:\/\/dgfissure.ca\/en\/\"},{\"@type\":\"ListItem\",\"position\":2,\"name\":\"Our Services\",\"item\":\"https:\/\/dgfissure.ca\/en\/our-services\/\"},{\"@type\":\"ListItem\",\"position\":3,\"name\":\"Foundation Repair and Water Infiltration\",\"item\":\"https:\/\/dgfissure.ca\/en\/our-services\/foundation-repair-and-water-infiltration\/\"},{\"@type\":\"ListItem\",\"position\":4,\"name\":\"Foundation Waterproofing (Elastomeric Membranes)\"}]},{\"@type\":\"WebSite\",\"@id\":\"https:\/\/dgfissure.ca\/#website\",\"url\":\"https:\/\/dgfissure.ca\/\",\"name\":\"R\u00e9paration Fondation Gatineau - Les Installations Daniel Gagn\u00e9\",\"description\":\"R\u00e9paration Fondation Gatineau\",\"publisher\":{\"@id\":\"https:\/\/dgfissure.ca\/#organization\"},\"potentialAction\":[{\"@type\":\"SearchAction\",\"target\":{\"@type\":\"EntryPoint\",\"urlTemplate\":\"https:\/\/dgfissure.ca\/?s={search_term_string}\"},\"query-input\":{\"@type\":\"PropertyValueSpecification\",\"valueRequired\":true,\"valueName\":\"search_term_string\"}}],\"inLanguage\":\"en-US\"},{\"@type\":\"Organization\",\"@id\":\"https:\/\/dgfissure.ca\/#organization\",\"name\":\"R\u00e9paration Fondation Gatineau - Les Installations Daniel Gagn\u00e9\",\"url\":\"https:\/\/dgfissure.ca\/\",\"logo\":{\"@type\":\"ImageObject\",\"inLanguage\":\"en-US\",\"@id\":\"https:\/\/dgfissure.ca\/#\/schema\/logo\/image\/\",\"url\":\"https:\/\/dgfissure.ca\/wp-content\/uploads\/2025\/04\/LogoSmallDGFissure.svg\",\"contentUrl\":\"https:\/\/dgfissure.ca\/wp-content\/uploads\/2025\/04\/LogoSmallDGFissure.svg\",\"caption\":\"R\u00e9paration Fondation Gatineau - Les Installations Daniel Gagn\u00e9\"},\"image\":{\"@id\":\"https:\/\/dgfissure.ca\/#\/schema\/logo\/image\/\"}}]}<\/script>\n<!-- \/ Yoast SEO plugin. -->","yoast_head_json":{"title":"Foundation Waterproofing with Elastomeric Membranes","description":"Protect your foundation from water infiltration with elastomeric membrane waterproofing by Installations Daniel Gagn\u00e9. Serving Gatineau, Hull, Aylmer, Chelsea, Wakefield, and Val-des-Monts.","robots":{"index":"index","follow":"follow","max-snippet":"max-snippet:-1","max-image-preview":"max-image-preview:large","max-video-preview":"max-video-preview:-1"},"canonical":"https:\/\/dgfissure.ca\/en\/our-services\/foundation-repair-and-water-infiltration\/foundation-waterproofing-elastomeric-membranes\/","og_locale":"en_US","og_type":"article","og_title":"Foundation Waterproofing with Elastomeric Membranes","og_description":"Protect your foundation from water infiltration with elastomeric membrane waterproofing by Installations Daniel Gagn\u00e9. Serving Gatineau, Hull, Aylmer, Chelsea, Wakefield, and Val-des-Monts.","og_url":"https:\/\/dgfissure.ca\/en\/our-services\/foundation-repair-and-water-infiltration\/foundation-waterproofing-elastomeric-membranes\/","og_site_name":"R\u00e9paration Fondation Gatineau - Les Installations Daniel Gagn\u00e9","article_modified_time":"2025-05-14T17:33:28+00:00","twitter_card":"summary_large_image","schema":{"@context":"https:\/\/schema.org","@graph":[{"@type":"WebPage","@id":"https:\/\/dgfissure.ca\/en\/our-services\/foundation-repair-and-water-infiltration\/foundation-waterproofing-elastomeric-membranes\/","url":"https:\/\/dgfissure.ca\/en\/our-services\/foundation-repair-and-water-infiltration\/foundation-waterproofing-elastomeric-membranes\/","name":"Foundation Waterproofing with Elastomeric Membranes","isPartOf":{"@id":"https:\/\/dgfissure.ca\/#website"},"datePublished":"2025-04-30T15:15:51+00:00","dateModified":"2025-05-14T17:33:28+00:00","description":"Protect your foundation from water infiltration with elastomeric membrane waterproofing by Installations Daniel Gagn\u00e9. Serving Gatineau, Hull, Aylmer, Chelsea, Wakefield, and Val-des-Monts.","breadcrumb":{"@id":"https:\/\/dgfissure.ca\/en\/our-services\/foundation-repair-and-water-infiltration\/foundation-waterproofing-elastomeric-membranes\/#breadcrumb"},"inLanguage":"en-US","potentialAction":[{"@type":"ReadAction","target":["https:\/\/dgfissure.ca\/en\/our-services\/foundation-repair-and-water-infiltration\/foundation-waterproofing-elastomeric-membranes\/"]}]},{"@type":"BreadcrumbList","@id":"https:\/\/dgfissure.ca\/en\/our-services\/foundation-repair-and-water-infiltration\/foundation-waterproofing-elastomeric-membranes\/#breadcrumb","itemListElement":[{"@type":"ListItem","position":1,"name":"Accueil","item":"https:\/\/dgfissure.ca\/en\/"},{"@type":"ListItem","position":2,"name":"Our Services","item":"https:\/\/dgfissure.ca\/en\/our-services\/"},{"@type":"ListItem","position":3,"name":"Foundation Repair and Water Infiltration","item":"https:\/\/dgfissure.ca\/en\/our-services\/foundation-repair-and-water-infiltration\/"},{"@type":"ListItem","position":4,"name":"Foundation Waterproofing (Elastomeric Membranes)"}]},{"@type":"WebSite","@id":"https:\/\/dgfissure.ca\/#website","url":"https:\/\/dgfissure.ca\/","name":"R\u00e9paration Fondation Gatineau - Les Installations Daniel Gagn\u00e9","description":"R\u00e9paration Fondation Gatineau","publisher":{"@id":"https:\/\/dgfissure.ca\/#organization"},"potentialAction":[{"@type":"SearchAction","target":{"@type":"EntryPoint","urlTemplate":"https:\/\/dgfissure.ca\/?s={search_term_string}"},"query-input":{"@type":"PropertyValueSpecification","valueRequired":true,"valueName":"search_term_string"}}],"inLanguage":"en-US"},{"@type":"Organization","@id":"https:\/\/dgfissure.ca\/#organization","name":"R\u00e9paration Fondation Gatineau - Les Installations Daniel Gagn\u00e9","url":"https:\/\/dgfissure.ca\/","logo":{"@type":"ImageObject","inLanguage":"en-US","@id":"https:\/\/dgfissure.ca\/#\/schema\/logo\/image\/","url":"https:\/\/dgfissure.ca\/wp-content\/uploads\/2025\/04\/LogoSmallDGFissure.svg","contentUrl":"https:\/\/dgfissure.ca\/wp-content\/uploads\/2025\/04\/LogoSmallDGFissure.svg","caption":"R\u00e9paration Fondation Gatineau - Les Installations Daniel Gagn\u00e9"},"image":{"@id":"https:\/\/dgfissure.ca\/#\/schema\/logo\/image\/"}}]}},"_links":{"self":[{"href":"https:\/\/dgfissure.ca\/en\/wp-json\/wp\/v2\/pages\/450","targetHints":{"allow":["GET"]}}],"collection":[{"href":"https:\/\/dgfissure.ca\/en\/wp-json\/wp\/v2\/pages"}],"about":[{"href":"https:\/\/dgfissure.ca\/en\/wp-json\/wp\/v2\/types\/page"}],"author":[{"embeddable":true,"href":"https:\/\/dgfissure.ca\/en\/wp-json\/wp\/v2\/users\/1"}],"replies":[{"embeddable":true,"href":"https:\/\/dgfissure.ca\/en\/wp-json\/wp\/v2\/comments?post=450"}],"version-history":[{"count":4,"href":"https:\/\/dgfissure.ca\/en\/wp-json\/wp\/v2\/pages\/450\/revisions"}],"predecessor-version":[{"id":1149,"href":"https:\/\/dgfissure.ca\/en\/wp-json\/wp\/v2\/pages\/450\/revisions\/1149"}],"up":[{"embeddable":true,"href":"https:\/\/dgfissure.ca\/en\/wp-json\/wp\/v2\/pages\/446"}],"wp:attachment":[{"href":"https:\/\/dgfissure.ca\/en\/wp-json\/wp\/v2\/media?parent=450"}],"curies":[{"name":"wp","href":"https:\/\/api.w.org\/{rel}","templated":true}]}}